{"id":2287,"date":"2019-03-11T12:23:33","date_gmt":"2019-03-11T11:23:33","guid":{"rendered":"http:\/\/janet-toro.com\/cv\/"},"modified":"2026-05-09T11:51:53","modified_gmt":"2026-05-09T17:51:53","slug":"biografia","status":"publish","type":"page","link":"https:\/\/janet-toro.com\/es\/biografia\/","title":{"rendered":"BIOGRAF\u00cdA"},"content":{"rendered":"<h2>\n\t\tBiography\n\t<\/h2>\n\t<p>Naci\u00f3 en Osorno al sur de Chile. Al poco tiempo su familia emigr\u00f3 a Santiago. Estudi\u00f3 en la Facultad de Artes de la Universidad de Chile. Vive y trabaja en Colonia, Alemania.<\/p>\n<p>Ella fue integrante del grupo APJ (Agrupaci\u00f3n de Pl\u00e1sticos J\u00f3venes). El grupo se desenvolvi\u00f3 en un amplio espectro del arte, que abarcaba desde la gr\u00e1fica, pasando por la instalaci\u00f3n hasta el Street Art. Debido a la contingencia pol\u00edtica de los trabajos, fueron; sobretodo las acciones en la calle las m\u00e1s arriesgadas.<\/p>\n<p>Despu\u00e9s ella fue integrante del grupo Pl\u00e1stica Social , donde ella llev\u00f3 su trabajo como performista a su punto. Su trabajo visual abarca diversas \u00e1reas: performances, instalaciones y objetos. Los que se basan en una profunda intuici\u00f3n, en su experiencia personal y una elaboraci\u00f3n te\u00f3rica previa. Ellos funcionan; al mismo, tiempo en diversos niveles cognitivos y sem\u00e1nticos.<\/p>\n<p>Su Arte es una confrontaci\u00f3n con temas existenciales, sociales y pol\u00edticos, a partir de ah\u00ed es esencial para ella alcanzar una expresi\u00f3n cr\u00edtica. La artista renuncia a materiales caros, trabaja principalmente con pl\u00e1stico, g\u00e9nero, harina, papel, hojas, hilos, cabellos, clavos, tierra, piedras, materiales simples que pertenecen a nuestra vida cotidiana.<\/p>\n<p>A. R.<\/p>\n<h2>\n\t\tSelected Individual and group exhibitions\n\t<\/h2>\n\t<h3>Exposiciones individuales<\/h3>\n<p>2018 Instalaci\u00f3n <strong><em>La Torre Vive,<\/em><\/strong>\u00a0 de la serie <strong><em>Intersubjetividad Urbana<\/em><\/strong>, Torre GAM, Stgo, Chile<\/p>\n<p>2017 Performance<strong><em> Verbum Adiectivus<\/em><\/strong>, en el marco de la <em>Editat\u00f3n<\/em>, Museo Nacional de Bellas Artes, Santiago, Chile<\/p>\n<p>2017 Performance<strong> <em>Este es mi cuerpo<\/em><\/strong>, fachada del Museo de Arte Contempor\u00e1neo MAC, Santiago, Chile<\/p>\n<p>2017 Exposici\u00f3n <strong><em>Dibujar el l\u00edmite, <\/em><\/strong>videos, dibujos, fotograf\u00edas, Museo de Arte Contempor\u00e1neo MAC, Santiago, Chile<\/p>\n<p>2015 Performance<strong><em> La tarjeta<\/em><\/strong>, serie <em>In Situ<\/em>, Museo de la Memoria y los Derechos Humanos, Santiago, Chile<\/p>\n<p>2015 Performance-Instalaci\u00f3n<strong><em> Distop\u00eda<\/em><\/strong>, serie<em> In Situ<\/em>, Museo de la Memoria y los Derechos Humanos, Santiago, Chile<\/p>\n<p>2015 Performance-Instalaci\u00f3n<strong><em> El Velorio del \u00e1ngel<\/em><\/strong>, serie <em>In Situ<\/em>, Museo de la Memoria y los Derechos Humanos, Santiago, Chile<\/p>\n<p>2015 Performance <strong><em>Nemeln<\/em><\/strong>, serie <em>In Situ<\/em>, Museo de la Memoria y los Derechos Humanos, Santiago, Chile<\/p>\n<p>2015 Performance-Instalaci\u00f3n<strong><em> El Reflejo<\/em><\/strong>, serie <em>In Situ,<\/em> curador Dr. Ricardo Loebell, Museo de la Memoria y los Derechos Humanos, Santiago, Chile<\/p>\n<p>2014 Performance-Instalaci\u00f3n <strong><em>Exhumar la memoria<\/em><\/strong>, Museo de la Memoria y los Derechos Humanos, Santiago, Chile<\/p>\n<p>2013 Performance-Instalaci\u00f3n <strong><em>Die Entfernung<\/em><\/strong>, Frauenmuseum Bonn, Alemania<\/p>\n<p>2013 Performance-Instalaci\u00f3n <strong><em>Die wei\u00dfen Stunden<\/em>, <\/strong>serie <em>Dibujar el l\u00edmite<\/em><strong>, <\/strong>Galer\u00eda 0, K\u00f6ln, Alem.<\/p>\n<p>2013 Performance-Instalaci\u00f3n <strong><em>Ama-gi<\/em><\/strong>, serie <em>Dibujar el l\u00edmite, <\/em>Galer\u00eda 0, K\u00f6ln, Alemania<\/p>\n<p>2013 Performance-Instalaci\u00f3n <strong><em>Deshojar<\/em><\/strong><em>,<\/em> serie <em>Dibujar el l\u00edmite <\/em>Galer\u00eda 0, K\u00f6ln, Alemania<\/p>\n<p>2013 Performance-Instalaci\u00f3n <strong><em>Das Fremde<\/em><\/strong>, serie <em>Dibujar el l\u00edmite, <\/em>Galer\u00eda 0, K\u00f6ln, Alemania<\/p>\n<p>2013 Performance-Instalaci\u00f3n <strong><em>Blindness<\/em><\/strong><em>,<\/em> <strong>\u00a0<\/strong>serie <em>Dibujar el l\u00edmite, <\/em>Galer\u00eda 0, K\u00f6ln, Alemania<\/p>\n<p>2013\u00a0 Performance-Instalaci\u00f3n <strong><em>Carm\u00edn<\/em><\/strong>, serie <em>Dibujar el l\u00edmite,<\/em> Galer\u00eda 0, Colonia, Alemania<\/p>\n<p>2013 Exposici\u00f3n <strong><em>Geometr\u00eda Corporal. <\/em><\/strong>Galer\u00eda Kunstkontor, Colonia, Alemania<\/p>\n<p>2012 Performance-Instalaci\u00f3n <strong><em>Anomie<\/em><\/strong><em>,<\/em> serie <em>Dibujar el l\u00edmite, <\/em>Galer\u00eda 0, Colonia, Alemania<\/p>\n<p>2011 Instalaci\u00f3n y Objetos: <strong><em>Entre l\u00edneas<\/em>,<\/strong> Galer\u00eda Kunstkontor, Colonia, Alemania<\/p>\n<p>2010\u00a0 Performance <strong><em>Sacer dolor<\/em><\/strong><em>,<\/em> Iglesia Martin Luther, K\u00f6ln, Alemania<\/p>\n<p>2010\u00a0 Instalaci\u00f3n <strong><em>Sacra sitis<\/em><\/strong> (100 m<sup>2<\/sup>) Iglesia Martin Luther, K\u00f6ln, Alemania<\/p>\n<p>2010\u00a0 Instalaci\u00f3n <strong><em>Sacra fames<\/em><\/strong> (25 m<sup>2<\/sup>) Torre Martin Luther, K\u00f6ln, Alemania<\/p>\n<p>2009 Instalaci\u00f3n <strong><em>S<\/em><\/strong><strong><em>ecluded<\/em>. <\/strong>En la propia casa (38 m<sup>2<\/sup>) K\u00f6ln, Alemania<\/p>\n<p>2008\u00a0 Instalaci\u00f3n <strong><em>Farewell<\/em>.<\/strong> En la propia casa (53 m<sup>2<\/sup>). Dortmund, Alemania<\/p>\n<p>2007\u00a0 Exposici\u00f3n <strong><em>Extranjero<\/em>.<\/strong> Galer\u00eda Camera Obscura, Dortmund, Alemania<\/p>\n<p>2006\u00a0 Performance <strong><em>Desolaci\u00f3n<\/em>.<\/strong> Galer\u00eda Art- Isotope, Noche de los Museos. Dortmund<\/p>\n<p>2006\u00a0 Instalaci\u00f3n <strong><em>Isolation<\/em>.<\/strong> En la propia casa (53 m<sup>2<\/sup>)), Dortmund, Alemania<\/p>\n<p>2004\u00a0 Instalaci\u00f3n <strong><em>R<\/em><\/strong><strong><em>adiograf\u00eda.<\/em><\/strong> En la propia casa (53 m<sup>2<\/sup>) Dortmund, Alemania<\/p>\n<p>2004\u00a0 Exposici\u00f3n<em> <strong>M\u00e1cula<\/strong><\/em><strong>.<\/strong> Bonifatius Kirche, Dortmund, Alemania<\/p>\n<p>2002\u00a0 <strong><em>Humanos.<\/em><\/strong> Etage Eins, Galer\u00eda-Lounge. Dortmund, Alemania<\/p>\n<p>2001\u00a0 <strong><em>Perros peleando<\/em><\/strong>. Galer\u00eda Gerda T\u00fcrke, Dortmund, Alemania<\/p>\n<p>2000\u00a0 <strong><em>Las huellas del dolor.<\/em><\/strong> Schmerztherepeutisches Zentrums, St.-Marien Hospitals L\u00fcnen, Alemania<\/p>\n<p>1998 Tres Performances, serie <strong><em>La herida.<\/em><\/strong> Santiago, Valpara\u00edso, Chile. Buenos Aires, Argentina.<\/p>\n<p>1998 Performance<em> <strong>La locura<\/strong><\/em><strong>.<\/strong> Centro Experimental Perrera-Arte. Santiago, Chile<\/p>\n<p>1998 Dos Performances serie <strong><em>Ciudad T\u00f3xica<\/em>. <\/strong>Santiago, Chile<\/p>\n<p>1990 Performances:<strong><em> La sangre, el r\u00edo y el cuerpo.<\/em><\/strong> R\u00edo Mapocho, Santiago, Chile<\/p>\n<p>1990 Performance <strong><em>La L\u00ednea,<\/em><\/strong> Fachada lateral Facultad de Derecho, Santiago, Chile<\/p>\n<p>1986 Performance<em> <strong>Dos Preguntas<\/strong>.<\/em>. Colaboraci\u00f3n de C. Winther. Paseo Ahumada, Stgo. Chile<\/p>\n\t<h3><strong>Selecci\u00f3n de exposiciones colectivas<\/strong><\/h3>\n<p>2019 Exposici\u00f3n<strong> <em>Santiago, Ciudad Destino<\/em><\/strong>, Sala Artes visuales, GAM, Santiago, Chile<\/p>\n<p>2018 Exposici\u00f3n <strong><em>Radical women: Latin American Art 1960-1985 <\/em><\/strong>(Mujeres Radicales: Arte Latinoamericano 1960-1985) Curadoras Dra. Cecilia Fajardo-Hill y Dra. Andrea Giunta. Pinacoteca de Sao Paulo, Brasil<\/p>\n<p>2018 Exposici\u00f3n <strong><em>Radical women: Latin American Art 1960-1985 <\/em><\/strong>(Mujeres Radicales: Arte\u00a0Latinoamericano 1960-1985) Curadoras Dra. Cecilia Fajardo-Hill y Dra. Andrea Giunta.<\/p>\n<p>Museo Brooklyn, New York, EEUU.<\/p>\n<p>2017 Exposici\u00f3n <strong><em>Radical women: Latin American Art 1960-1985 <\/em><\/strong>(Mujeres Radicales: Arte Latinoamericano 1960-1985) Curadoras Dra. Cecilia Fajardo-Hill y Dra. Andrea Giunta.<\/p>\n<p>Hammer Museo, Los \u00c1ngeles, California, EEUU.<\/p>\n<p>2016 Muestra de 3 videos de <strong><em>El cuerpo de la memoria <\/em><\/strong>y 1 video de <strong><em>Azogue<\/em><\/strong>, en el marco de la exposic\u00f3n del <strong><em>X Encuentro<\/em><\/strong> <strong><em>Ex-c\u00e9ntrico, <\/em><\/strong>del <strong>Hemispheric<\/strong> <strong>Institute<\/strong> de Performance &amp;\u00a0Pol\u00edtica, de New York. Presentada en la Facultad de Econom\u00eda y Negocios de la Universidad de Chile, Santiago<\/p>\n<p>2016\u00a0 Exposici\u00f3n performance <strong><em>Dos preguntas,<\/em><\/strong> registro fotogr\u00e1fico, en la exposici\u00f3n\u00a0 <strong><em>Poner el\u00a0 <\/em><\/strong><strong><em>cuerpo.<\/em><\/strong><em> <strong>LLamamientos de arte y pol\u00edtica en los a\u00f1os ochenta en Am\u00e9rica Latina\u00bb <\/strong><\/em><\/p>\n<p>Curadoras: Javiera Manzi, Paulina Varas, Museo Salvador Allende, Santiago, Chile<\/p>\n<p>2016 Instalaci\u00f3n <strong><em>El mar, la calle y las sillas,<\/em><\/strong> <em>Memoria Viva 1973-2016,<\/em> curaodora Monserrat Rojas, Centex del CNCA, Valpara\u00edso, Chile<\/p>\n<p>2014 Performance <strong><em>Azogue<\/em><\/strong><em>,<\/em> Bienal <em>Deformes,<\/em> Facultad de Teatro de la Universidad de Chile,\u00a0Santiago.<\/p>\n<p>2013 Instalaci\u00f3n <strong><em>Gang<\/em><\/strong><em>,<\/em> en el marco del Cap\u00edtulo 17 <em>\u201eWir werden\u201c,<\/em> Galer\u00eda 0, K\u00f6ln, Alemania<\/p>\n<p>2012 Video Instalaci\u00f3n en <strong><em>I<\/em><\/strong><strong><em>m\u00e1genes extremas de mujeres a trav\u00e9s de la combatividad y de <\/em><\/strong><strong><em>la resistencia<\/em><\/strong><strong>, <\/strong>curadora Dr<strong>.<\/strong> Irene Ballester, en el Centro Matadero, Madrid, Espa\u00f1a<\/p>\n<p>2011\u00a0 <strong>Feria de Arte <\/strong>del Museo Frauenmuseum; Bonn, Alemania<\/p>\n<p>2011<strong> <em>Line Up!<\/em> <\/strong>30Works Galer\u00eda, K\u00f6ln, Alemania<\/p>\n<p>2011\u00a0 Objeto <strong><em>Ego Madona<\/em><\/strong>, en el marco de <em>Egotrip<\/em>, Museo f\u00fcr Verwandte Kunst, K\u00f6ln, Alemania<\/p>\n<p>2011\u00a0 Instalaciones <strong><em>Ein-sam<\/em>. <\/strong>Torre Martin Luther K\u00f6ln, Alemania.<\/p>\n<p>2010\u00a0 Feria de Arte. <strong><em>Taese Art Fair<\/em><\/strong><em>,<\/em> K\u00f6ln, Alemania<\/p>\n<p>2008\u00a0 Performance <strong><em>Der Rand<\/em>.<\/strong> En el marco de la exposici\u00f3n <em>Zerst\u00f6rung <\/em>y el lanzamiento<em> de la <\/em><em>revista <\/em>Clownfisch. Kunsthalle Wuppertal, Alemania<\/p>\n<p>2006\u00a0 Instalaci\u00f3n <strong><em>Das Spiel<\/em><\/strong>. Exposici\u00f3n <strong><em>Artor-Wand.<\/em><\/strong> Galer\u00eda Art- Isotope, Dortmund, Alemania.<\/p>\n<p>2005\u00a0 Performance <strong><em>A-Test<\/em><\/strong>. Forum Radius 100, Depot, Dortmund<\/p>\n<p>2004-2003 Instalaci\u00f3n <strong><em>Habeas Corpus <\/em><\/strong>en el marco de<em> Huellas del recuedo, <\/em>IG Metall, Sprockh\u00f6vel y Berlin, Alemania<\/p>\n<p>2004-2003 Serie <strong><em>Biograf\u00eda de mi Cuerpo<\/em><\/strong>. <em>Dar a luz_Findlinge <\/em>Theaterzwang Festival, Depot,\u00a0Dortmund. Seis Performances. <strong>E<\/strong><strong>nsemble kultopia <\/strong>\/ Holger Ziebler und Uta P\u00fcttmann<\/p>\n<p>Produktion, <em>Brotfabrik, Bonn, Alemania.<\/em><\/p>\n<p>2003\u00a0 Performance<em> <strong>El ausente<\/strong><\/em><strong>.<\/strong> En el marco del evento: <em>Chile. 11 de septiembre 1973, 30 a\u00f1os <\/em><em>despu\u00e9s<\/em>. Museo de Arte de Bochum, Alemania<\/p>\n<p>1999\u00a0 Serie <strong><em>El Cuerpo de la memoria<\/em><\/strong>. Noventa Performances e Instalaciones. II Bienal de Arte joven, Ala Sur. Museo Nacional de Bellas Artes, Santiago, Chile<\/p>\n<p>1998\u00a0 Performance <strong><em>El Imbunche<\/em>.<\/strong> En el marco de la muestra <strong><em>Anamorfosis<\/em>.<\/strong> Museo de Arte Contempor\u00e1neo. Santiago, Chile<\/p>\n<p>1997\u00a0 Performance <strong><em>La Crucifixi\u00f3n.<\/em><\/strong> En el marco del proyecto interdisciplinario: Arte y Bot\u00e1nica, Museo de Arte Moderno de Chilo\u00e9.<\/p>\n<p>1997 Exposici\u00f3n de pinturas. Galer\u00eda M. Paz Marambio, Haytt Regency Hotel. Santiago Chile<\/p>\n<p>1997\u00a0 Exposici\u00f3n de pinturas <strong><em>Remanentes.<\/em><\/strong> Museo de Artes Decorativas, Lo Matta, Vitacura,\u00a0Santiago, Chile.<\/p>\n<p>1997\u00a0 Exposici\u00f3n de pinturas\u00a0 Galer\u00eda Plaza San Francisco, Santiago Chile<\/p>\n<p>1986\u00a0 Instalaci\u00f3n, pintura, gr\u00e1fica. Con el grupo A.P.J.Centro Cultural Mapocho, Santiago, Chile<\/p>\n<p>1985\u00a0 Instalaci\u00f3n, pintura, gr\u00e1fica. Con el grupo A.P.J.Galer\u00eda Enrico Bucci, Santiago, Chile<\/p>\n\t<h3>Premios y Reconocimientos<\/h3>\n2012 Beca Proyectos interculturales, del Ministerio de la Cultura de Colonia, Alemania<br \/>\n2006 Kunstankauf Concurso de compra de Arte de la ciudad de Dortmund, 1 pintura, t\u00edtulo: <em>El buscador<\/em><br \/>\n2002 Kunstankauf Concurso de compra de Arte de la Ciudad de Dortmund, 3 pinturas, t\u00edtulo: <em>Serie Humanos<\/em>\n","protected":false},"excerpt":{"rendered":"<p>Biography Naci\u00f3 en Osorno al sur de Chile. Al poco tiempo su familia emigr\u00f3 a Santiago. Estudi\u00f3 en la Facultad de Artes de la Universidad de Chile. Vive y trabaja en Colonia, Alemania. Ella fue integrante del grupo APJ (Agrupaci\u00f3n de Pl\u00e1sticos J\u00f3venes). El grupo se desenvolvi\u00f3 en un amplio espectro del arte, que abarcaba [&hellip;]<\/p>\n","protected":false},"author":1,"featured_media":0,"parent":0,"menu_order":0,"comment_status":"closed","ping_status":"closed","template":"","meta":{"site-sidebar-layout":"no-sidebar","site-content-layout":"page-builder","ast-site-content-layout":"default","site-content-style":"default","site-sidebar-style":"default","ast-global-header-display":"","ast-banner-title-visibility":"","ast-main-header-display":"","ast-hfb-above-header-display":"","ast-hfb-below-header-display":"","ast-hfb-mobile-header-display":"","site-post-title":"disabled","ast-breadcrumbs-content":"","ast-featured-img":"disabled","footer-sml-layout":"","theme-transparent-header-meta":"disabled","adv-header-id-meta":"","stick-header-meta":"default","header-above-stick-meta":"","header-main-stick-meta":"","header-below-stick-meta":"","astra-migrate-meta-layouts":"default","ast-page-background-enabled":"default","ast-page-background-meta":{"desktop":{"background-color":"","background-image":"","background-repeat":"repeat","background-position":"center center","background-size":"auto","background-attachment":"scroll","background-type":"","background-media":"","overlay-type":"","overlay-color":"","overlay-opacity":"","overlay-gradient":""},"tablet":{"background-color":"","background-image":"","background-repeat":"repeat","background-position":"center center","background-size":"auto","background-attachment":"scroll","background-type":"","background-media":"","overlay-type":"","overlay-color":"","overlay-opacity":"","overlay-gradient":""},"mobile":{"background-color":"","background-image":"","background-repeat":"repeat","background-position":"center center","background-size":"auto","background-attachment":"scroll","background-type":"","background-media":"","overlay-type":"","overlay-color":"","overlay-opacity":"","overlay-gradient":""}},"ast-content-background-meta":{"desktop":{"background-color":"var(--ast-global-color-5)","background-image":"","background-repeat":"repeat","background-position":"center center","background-size":"auto","background-attachment":"scroll","background-type":"","background-media":"","overlay-type":"","overlay-color":"","overlay-opacity":"","overlay-gradient":""},"tablet":{"background-color":"var(--ast-global-color-5)","background-image":"","background-repeat":"repeat","background-position":"center center","background-size":"auto","background-attachment":"scroll","background-type":"","background-media":"","overlay-type":"","overlay-color":"","overlay-opacity":"","overlay-gradient":""},"mobile":{"background-color":"var(--ast-global-color-5)","background-image":"","background-repeat":"repeat","background-position":"center center","background-size":"auto","background-attachment":"scroll","background-type":"","background-media":"","overlay-type":"","overlay-color":"","overlay-opacity":"","overlay-gradient":""}},"footnotes":""},"class_list":["post-2287","page","type-page","status-publish","hentry"],"yoast_head":"<!-- This site is optimized with the Yoast SEO plugin v27.5 - https:\/\/yoast.com\/product\/yoast-seo-wordpress\/ -->\n<title>BIOGRAF\u00cdA - JANET TORO<\/title>\n<meta name=\"robots\" content=\"index, follow, max-snippet:-1, max-image-preview:large, max-video-preview:-1\" \/>\n<link rel=\"canonical\" href=\"https:\/\/janet-toro.com\/es\/biografia\/\" \/>\n<meta property=\"og:locale\" content=\"es_ES\" \/>\n<meta property=\"og:type\" content=\"article\" \/>\n<meta property=\"og:title\" content=\"BIOGRAF\u00cdA - JANET TORO\" \/>\n<meta property=\"og:description\" content=\"Biography Naci\u00f3 en Osorno al sur de Chile. Al poco tiempo su familia emigr\u00f3 a Santiago. Estudi\u00f3 en la Facultad de Artes de la Universidad de Chile. Vive y trabaja en Colonia, Alemania. Ella fue integrante del grupo APJ (Agrupaci\u00f3n de Pl\u00e1sticos J\u00f3venes). El grupo se desenvolvi\u00f3 en un amplio espectro del arte, que abarcaba [&hellip;]\" \/>\n<meta property=\"og:url\" content=\"https:\/\/janet-toro.com\/es\/biografia\/\" \/>\n<meta property=\"og:site_name\" content=\"JANET TORO\" \/>\n<meta property=\"article:modified_time\" content=\"2026-05-09T17:51:53+00:00\" \/>\n<meta name=\"twitter:card\" content=\"summary_large_image\" \/>\n<meta name=\"twitter:label1\" content=\"Tiempo de lectura\" \/>\n\t<meta name=\"twitter:data1\" content=\"7 minutos\" \/>\n<script type=\"application\/ld+json\" class=\"yoast-schema-graph\">{\"@context\":\"https:\\\/\\\/schema.org\",\"@graph\":[{\"@type\":\"WebPage\",\"@id\":\"https:\\\/\\\/janet-toro.com\\\/es\\\/biografia\\\/\",\"url\":\"https:\\\/\\\/janet-toro.com\\\/es\\\/biografia\\\/\",\"name\":\"BIOGRAF\u00cdA - JANET TORO\",\"isPartOf\":{\"@id\":\"https:\\\/\\\/janet-toro.com\\\/es\\\/#website\"},\"datePublished\":\"2019-03-11T11:23:33+00:00\",\"dateModified\":\"2026-05-09T17:51:53+00:00\",\"breadcrumb\":{\"@id\":\"https:\\\/\\\/janet-toro.com\\\/es\\\/biografia\\\/#breadcrumb\"},\"inLanguage\":\"es\",\"potentialAction\":[{\"@type\":\"ReadAction\",\"target\":[\"https:\\\/\\\/janet-toro.com\\\/es\\\/biografia\\\/\"]}]},{\"@type\":\"BreadcrumbList\",\"@id\":\"https:\\\/\\\/janet-toro.com\\\/es\\\/biografia\\\/#breadcrumb\",\"itemListElement\":[{\"@type\":\"ListItem\",\"position\":1,\"name\":\"Home\",\"item\":\"https:\\\/\\\/janet-toro.com\\\/es\\\/actual\\\/\"},{\"@type\":\"ListItem\",\"position\":2,\"name\":\"BIOGRAF\u00cdA\"}]},{\"@type\":\"WebSite\",\"@id\":\"https:\\\/\\\/janet-toro.com\\\/es\\\/#website\",\"url\":\"https:\\\/\\\/janet-toro.com\\\/es\\\/\",\"name\":\"JANET TORO\",\"description\":\"Performances\u30fbInstallations\u30fbObjects\u30fbPaintings\",\"potentialAction\":[{\"@type\":\"SearchAction\",\"target\":{\"@type\":\"EntryPoint\",\"urlTemplate\":\"https:\\\/\\\/janet-toro.com\\\/es\\\/?s={search_term_string}\"},\"query-input\":{\"@type\":\"PropertyValueSpecification\",\"valueRequired\":true,\"valueName\":\"search_term_string\"}}],\"inLanguage\":\"es\"}]}<\/script>\n<!-- \/ Yoast SEO plugin. -->","yoast_head_json":{"title":"BIOGRAF\u00cdA - JANET TORO","robots":{"index":"index","follow":"follow","max-snippet":"max-snippet:-1","max-image-preview":"max-image-preview:large","max-video-preview":"max-video-preview:-1"},"canonical":"https:\/\/janet-toro.com\/es\/biografia\/","og_locale":"es_ES","og_type":"article","og_title":"BIOGRAF\u00cdA - JANET TORO","og_description":"Biography Naci\u00f3 en Osorno al sur de Chile. Al poco tiempo su familia emigr\u00f3 a Santiago. Estudi\u00f3 en la Facultad de Artes de la Universidad de Chile. Vive y trabaja en Colonia, Alemania. Ella fue integrante del grupo APJ (Agrupaci\u00f3n de Pl\u00e1sticos J\u00f3venes). El grupo se desenvolvi\u00f3 en un amplio espectro del arte, que abarcaba [&hellip;]","og_url":"https:\/\/janet-toro.com\/es\/biografia\/","og_site_name":"JANET TORO","article_modified_time":"2026-05-09T17:51:53+00:00","twitter_card":"summary_large_image","twitter_misc":{"Tiempo de lectura":"7 minutos"},"schema":{"@context":"https:\/\/schema.org","@graph":[{"@type":"WebPage","@id":"https:\/\/janet-toro.com\/es\/biografia\/","url":"https:\/\/janet-toro.com\/es\/biografia\/","name":"BIOGRAF\u00cdA - JANET TORO","isPartOf":{"@id":"https:\/\/janet-toro.com\/es\/#website"},"datePublished":"2019-03-11T11:23:33+00:00","dateModified":"2026-05-09T17:51:53+00:00","breadcrumb":{"@id":"https:\/\/janet-toro.com\/es\/biografia\/#breadcrumb"},"inLanguage":"es","potentialAction":[{"@type":"ReadAction","target":["https:\/\/janet-toro.com\/es\/biografia\/"]}]},{"@type":"BreadcrumbList","@id":"https:\/\/janet-toro.com\/es\/biografia\/#breadcrumb","itemListElement":[{"@type":"ListItem","position":1,"name":"Home","item":"https:\/\/janet-toro.com\/es\/actual\/"},{"@type":"ListItem","position":2,"name":"BIOGRAF\u00cdA"}]},{"@type":"WebSite","@id":"https:\/\/janet-toro.com\/es\/#website","url":"https:\/\/janet-toro.com\/es\/","name":"JANET TORO","description":"Performances\u30fbInstallations\u30fbObjects\u30fbPaintings","potentialAction":[{"@type":"SearchAction","target":{"@type":"EntryPoint","urlTemplate":"https:\/\/janet-toro.com\/es\/?s={search_term_string}"},"query-input":{"@type":"PropertyValueSpecification","valueRequired":true,"valueName":"search_term_string"}}],"inLanguage":"es"}]}},"_links":{"self":[{"href":"https:\/\/janet-toro.com\/es\/wp-json\/wp\/v2\/pages\/2287","targetHints":{"allow":["GET"]}}],"collection":[{"href":"https:\/\/janet-toro.com\/es\/wp-json\/wp\/v2\/pages"}],"about":[{"href":"https:\/\/janet-toro.com\/es\/wp-json\/wp\/v2\/types\/page"}],"author":[{"embeddable":true,"href":"https:\/\/janet-toro.com\/es\/wp-json\/wp\/v2\/users\/1"}],"replies":[{"embeddable":true,"href":"https:\/\/janet-toro.com\/es\/wp-json\/wp\/v2\/comments?post=2287"}],"version-history":[{"count":1,"href":"https:\/\/janet-toro.com\/es\/wp-json\/wp\/v2\/pages\/2287\/revisions"}],"predecessor-version":[{"id":7229,"href":"https:\/\/janet-toro.com\/es\/wp-json\/wp\/v2\/pages\/2287\/revisions\/7229"}],"wp:attachment":[{"href":"https:\/\/janet-toro.com\/es\/wp-json\/wp\/v2\/media?parent=2287"}],"curies":[{"name":"wp","href":"https:\/\/api.w.org\/{rel}","templated":true}]}}