{"id":2253,"date":"2019-03-11T10:47:07","date_gmt":"2019-03-11T09:47:07","guid":{"rendered":"http:\/\/janet-toro.com\/actual\/"},"modified":"2026-05-09T11:51:10","modified_gmt":"2026-05-09T17:51:10","slug":"actual","status":"publish","type":"page","link":"https:\/\/janet-toro.com\/es\/","title":{"rendered":"Actual"},"content":{"rendered":"\n\n\t\t\t<a href=\"https:\/\/janet-toro.com\/es\/performances\/\" target=\"_self\" role=\"button\" rel=\"noopener\">\n\t\t\t\t\t\t\tPerformances\n\t\t\t\t\t<\/a>\n\t\t\t<a href=\"https:\/\/janet-toro.com\/es\/instalaciones\/\" target=\"_self\" role=\"button\" rel=\"noopener\">\n\t\t\t\t\t\t\tInstalaciones\n\t\t\t\t\t<\/a>\n\t\t\t<a href=\"https:\/\/janet-toro.com\/es\/objetos\/\" target=\"_self\" role=\"button\" rel=\"noopener\">\n\t\t\t\t\t\t\tObjetos\n\t\t\t\t\t<\/a>\n\t\t\t<a href=\"https:\/\/janet-toro.com\/es\/pintura\/\" target=\"_self\" role=\"button\" rel=\"noopener\">\n\t\t\t\t\t\t\tPintura\n\t\t\t\t\t<\/a>\n<h2>\n\t\tActual\n\t<\/h2>\n\n","protected":false},"excerpt":{"rendered":"<p>Performances Instalaciones Objetos Pintura Actual<\/p>\n","protected":false},"author":1,"featured_media":0,"parent":0,"menu_order":0,"comment_status":"closed","ping_status":"closed","template":"","meta":{"site-sidebar-layout":"no-sidebar","site-content-layout":"page-builder","ast-site-content-layout":"full-width-container","site-content-style":"unboxed","site-sidebar-style":"unboxed","ast-global-header-display":"","ast-banner-title-visibility":"","ast-main-header-display":"","ast-hfb-above-header-display":"","ast-hfb-below-header-display":"","ast-hfb-mobile-header-display":"","site-post-title":"disabled","ast-breadcrumbs-content":"","ast-featured-img":"disabled","footer-sml-layout":"","theme-transparent-header-meta":"enabled","adv-header-id-meta":"","stick-header-meta":"default","header-above-stick-meta":"","header-main-stick-meta":"on","header-below-stick-meta":"","astra-migrate-meta-layouts":"default","ast-page-background-enabled":"default","ast-page-background-meta":{"desktop":{"background-color":"","background-image":"","background-repeat":"repeat","background-position":"center center","background-size":"auto","background-attachment":"scroll","background-type":"","background-media":"","overlay-type":"","overlay-color":"","overlay-opacity":"","overlay-gradient":""},"tablet":{"background-color":"","background-image":"","background-repeat":"repeat","background-position":"center center","background-size":"auto","background-attachment":"scroll","background-type":"","background-media":"","overlay-type":"","overlay-color":"","overlay-opacity":"","overlay-gradient":""},"mobile":{"background-color":"","background-image":"","background-repeat":"repeat","background-position":"center center","background-size":"auto","background-attachment":"scroll","background-type":"","background-media":"","overlay-type":"","overlay-color":"","overlay-opacity":"","overlay-gradient":""}},"ast-content-background-meta":{"desktop":{"background-color":"var(--ast-global-color-5)","background-image":"","background-repeat":"repeat","background-position":"center center","background-size":"auto","background-attachment":"scroll","background-type":"","background-media":"","overlay-type":"","overlay-color":"","overlay-opacity":"","overlay-gradient":""},"tablet":{"background-color":"var(--ast-global-color-5)","background-image":"","background-repeat":"repeat","background-position":"center center","background-size":"auto","background-attachment":"scroll","background-type":"","background-media":"","overlay-type":"","overlay-color":"","overlay-opacity":"","overlay-gradient":""},"mobile":{"background-color":"var(--ast-global-color-5)","background-image":"","background-repeat":"repeat","background-position":"center center","background-size":"auto","background-attachment":"scroll","background-type":"","background-media":"","overlay-type":"","overlay-color":"","overlay-opacity":"","overlay-gradient":""}},"footnotes":""},"class_list":["post-2253","page","type-page","status-publish","hentry"],"yoast_head":"<!-- This site is optimized with the Yoast SEO plugin v27.5 - https:\/\/yoast.com\/product\/yoast-seo-wordpress\/ -->\n<title>Actual - JANET TORO<\/title>\n<meta name=\"description\" content=\"Pr\u00f3ximos instalaciones, performances, exhibiciones con links a m\u00e1s informaci\u00f3n.\" \/>\n<meta name=\"robots\" content=\"index, follow, max-snippet:-1, max-image-preview:large, max-video-preview:-1\" \/>\n<link rel=\"canonical\" href=\"https:\/\/janet-toro.com\/es\/\" \/>\n<meta property=\"og:locale\" content=\"es_ES\" \/>\n<meta property=\"og:type\" content=\"article\" \/>\n<meta property=\"og:title\" content=\"Actual - JANET TORO\" \/>\n<meta property=\"og:description\" content=\"Pr\u00f3ximos instalaciones, performances, exhibiciones con links a m\u00e1s informaci\u00f3n.\" \/>\n<meta property=\"og:url\" content=\"https:\/\/janet-toro.com\/es\/\" \/>\n<meta property=\"og:site_name\" content=\"JANET TORO\" \/>\n<meta property=\"article:modified_time\" content=\"2026-05-09T17:51:10+00:00\" \/>\n<meta name=\"twitter:card\" content=\"summary_large_image\" \/>\n<script type=\"application\/ld+json\" class=\"yoast-schema-graph\">{\"@context\":\"https:\\\/\\\/schema.org\",\"@graph\":[{\"@type\":\"WebPage\",\"@id\":\"https:\\\/\\\/janet-toro.com\\\/es\\\/\",\"url\":\"https:\\\/\\\/janet-toro.com\\\/es\\\/\",\"name\":\"Actual - JANET TORO\",\"isPartOf\":{\"@id\":\"https:\\\/\\\/janet-toro.com\\\/es\\\/#website\"},\"datePublished\":\"2019-03-11T09:47:07+00:00\",\"dateModified\":\"2026-05-09T17:51:10+00:00\",\"description\":\"Pr\u00f3ximos instalaciones, performances, exhibiciones con links a m\u00e1s informaci\u00f3n.\",\"breadcrumb\":{\"@id\":\"https:\\\/\\\/janet-toro.com\\\/es\\\/#breadcrumb\"},\"inLanguage\":\"es\",\"potentialAction\":[{\"@type\":\"ReadAction\",\"target\":[\"https:\\\/\\\/janet-toro.com\\\/es\\\/\"]}]},{\"@type\":\"BreadcrumbList\",\"@id\":\"https:\\\/\\\/janet-toro.com\\\/es\\\/#breadcrumb\",\"itemListElement\":[{\"@type\":\"ListItem\",\"position\":1,\"name\":\"Home\",\"item\":\"https:\\\/\\\/janet-toro.com\\\/es\\\/actual\\\/\"},{\"@type\":\"ListItem\",\"position\":2,\"name\":\"Actual\"}]},{\"@type\":\"WebSite\",\"@id\":\"https:\\\/\\\/janet-toro.com\\\/es\\\/#website\",\"url\":\"https:\\\/\\\/janet-toro.com\\\/es\\\/\",\"name\":\"JANET TORO\",\"description\":\"Performances\u30fbInstallations\u30fbObjects\u30fbPaintings\",\"potentialAction\":[{\"@type\":\"SearchAction\",\"target\":{\"@type\":\"EntryPoint\",\"urlTemplate\":\"https:\\\/\\\/janet-toro.com\\\/es\\\/?s={search_term_string}\"},\"query-input\":{\"@type\":\"PropertyValueSpecification\",\"valueRequired\":true,\"valueName\":\"search_term_string\"}}],\"inLanguage\":\"es\"}]}<\/script>\n<!-- \/ Yoast SEO plugin. -->","yoast_head_json":{"title":"Actual - JANET TORO","description":"Pr\u00f3ximos instalaciones, performances, exhibiciones con links a m\u00e1s informaci\u00f3n.","robots":{"index":"index","follow":"follow","max-snippet":"max-snippet:-1","max-image-preview":"max-image-preview:large","max-video-preview":"max-video-preview:-1"},"canonical":"https:\/\/janet-toro.com\/es\/","og_locale":"es_ES","og_type":"article","og_title":"Actual - JANET TORO","og_description":"Pr\u00f3ximos instalaciones, performances, exhibiciones con links a m\u00e1s informaci\u00f3n.","og_url":"https:\/\/janet-toro.com\/es\/","og_site_name":"JANET TORO","article_modified_time":"2026-05-09T17:51:10+00:00","twitter_card":"summary_large_image","schema":{"@context":"https:\/\/schema.org","@graph":[{"@type":"WebPage","@id":"https:\/\/janet-toro.com\/es\/","url":"https:\/\/janet-toro.com\/es\/","name":"Actual - JANET TORO","isPartOf":{"@id":"https:\/\/janet-toro.com\/es\/#website"},"datePublished":"2019-03-11T09:47:07+00:00","dateModified":"2026-05-09T17:51:10+00:00","description":"Pr\u00f3ximos instalaciones, performances, exhibiciones con links a m\u00e1s informaci\u00f3n.","breadcrumb":{"@id":"https:\/\/janet-toro.com\/es\/#breadcrumb"},"inLanguage":"es","potentialAction":[{"@type":"ReadAction","target":["https:\/\/janet-toro.com\/es\/"]}]},{"@type":"BreadcrumbList","@id":"https:\/\/janet-toro.com\/es\/#breadcrumb","itemListElement":[{"@type":"ListItem","position":1,"name":"Home","item":"https:\/\/janet-toro.com\/es\/actual\/"},{"@type":"ListItem","position":2,"name":"Actual"}]},{"@type":"WebSite","@id":"https:\/\/janet-toro.com\/es\/#website","url":"https:\/\/janet-toro.com\/es\/","name":"JANET TORO","description":"Performances\u30fbInstallations\u30fbObjects\u30fbPaintings","potentialAction":[{"@type":"SearchAction","target":{"@type":"EntryPoint","urlTemplate":"https:\/\/janet-toro.com\/es\/?s={search_term_string}"},"query-input":{"@type":"PropertyValueSpecification","valueRequired":true,"valueName":"search_term_string"}}],"inLanguage":"es"}]}},"_links":{"self":[{"href":"https:\/\/janet-toro.com\/es\/wp-json\/wp\/v2\/pages\/2253","targetHints":{"allow":["GET"]}}],"collection":[{"href":"https:\/\/janet-toro.com\/es\/wp-json\/wp\/v2\/pages"}],"about":[{"href":"https:\/\/janet-toro.com\/es\/wp-json\/wp\/v2\/types\/page"}],"author":[{"embeddable":true,"href":"https:\/\/janet-toro.com\/es\/wp-json\/wp\/v2\/users\/1"}],"replies":[{"embeddable":true,"href":"https:\/\/janet-toro.com\/es\/wp-json\/wp\/v2\/comments?post=2253"}],"version-history":[{"count":2,"href":"https:\/\/janet-toro.com\/es\/wp-json\/wp\/v2\/pages\/2253\/revisions"}],"predecessor-version":[{"id":6906,"href":"https:\/\/janet-toro.com\/es\/wp-json\/wp\/v2\/pages\/2253\/revisions\/6906"}],"wp:attachment":[{"href":"https:\/\/janet-toro.com\/es\/wp-json\/wp\/v2\/media?parent=2253"}],"curies":[{"name":"wp","href":"https:\/\/api.w.org\/{rel}","templated":true}]}}